{"id":7803,"date":"2025-01-07T01:01:24","date_gmt":"2025-01-07T00:01:24","guid":{"rendered":"https:\/\/monoclimb.pl\/?page_id=7803"},"modified":"2025-09-28T16:40:00","modified_gmt":"2025-09-28T14:40:00","slug":"regulamin-mono-akademia","status":"publish","type":"page","link":"https:\/\/monoclimb.pl\/en\/regulamin-mono-akademia\/","title":{"rendered":"MONO Academy Regulations"},"content":{"rendered":"<div data-elementor-type=\"wp-page\" data-elementor-id=\"7803\" class=\"elementor elementor-7803\">\n\t\t\t\t\t\t\t\t\t<section class=\"elementor-section elementor-top-section elementor-element elementor-element-d6b5247 elementor-section-full_width elementor-section-height-default elementor-section-height-default\" data-id=\"d6b5247\" data-element_type=\"section\" data-settings=\"{&quot;background_background&quot;:&quot;classic&quot;}\">\n\t\t\t\t\t\t<div class=\"elementor-container elementor-column-gap-default\">\n\t\t\t\t\t<div class=\"elementor-column elementor-col-100 elementor-top-column elementor-element elementor-element-b1360f9\" data-id=\"b1360f9\" data-element_type=\"column\">\n\t\t\t<div class=\"elementor-widget-wrap elementor-element-populated\">\n\t\t\t\t\t\t\t\t<section class=\"elementor-section elementor-inner-section elementor-element elementor-element-6a7e521 elementor-section-content-middle elementor-section-boxed elementor-section-height-default elementor-section-height-default\" data-id=\"6a7e521\" data-element_type=\"section\" data-settings=\"{&quot;background_background&quot;:&quot;classic&quot;}\">\n\t\t\t\t\t\t<div class=\"elementor-container elementor-column-gap-no\">\n\t\t\t\t\t<div class=\"elementor-column elementor-col-50 elementor-inner-column elementor-element elementor-element-9261b69\" data-id=\"9261b69\" data-element_type=\"column\">\n\t\t\t<div class=\"elementor-widget-wrap elementor-element-populated\">\n\t\t\t\t\t\t\t\t<div class=\"elementor-element elementor-element-c7400a7 elementor-widget elementor-widget-image\" data-id=\"c7400a7\" data-element_type=\"widget\" data-widget_type=\"image.default\">\n\t\t\t\t<div class=\"elementor-widget-container\">\n\t\t\t<style>\/*! elementor - v3.18.0 - 20-12-2023 *\/\n.elementor-widget-image{text-align:center}.elementor-widget-image a{display:inline-block}.elementor-widget-image a img[src$=\".svg\"]{width:48px}.elementor-widget-image img{vertical-align:middle;display:inline-block}<\/style>\t\t\t\t\t\t\t\t\t\t\t\t<img decoding=\"async\" width=\"90\" height=\"90\" src=\"https:\/\/monoclimb.pl\/wp-content\/uploads\/2022\/10\/Logo-sygnet.png\" class=\"attachment-thumbnail size-thumbnail wp-image-1400\" alt=\"\" \/>\t\t\t\t\t\t\t\t\t\t\t\t\t\t\t<\/div>\n\t\t\t\t<\/div>\n\t\t\t\t\t<\/div>\n\t\t<\/div>\n\t\t\t\t<div class=\"elementor-column elementor-col-50 elementor-inner-column elementor-element elementor-element-56b8900\" data-id=\"56b8900\" data-element_type=\"column\">\n\t\t\t<div class=\"elementor-widget-wrap elementor-element-populated\">\n\t\t\t\t\t\t\t\t<div class=\"elementor-element elementor-element-9ba5b01 center-mobile elementor-widget elementor-widget-heading\" data-id=\"9ba5b01\" data-element_type=\"widget\" data-widget_type=\"heading.default\">\n\t\t\t\t<div class=\"elementor-widget-container\">\n\t\t\t<style>\/*! elementor - v3.18.0 - 20-12-2023 *\/\n.elementor-heading-title{padding:0;margin:0;line-height:1}.elementor-widget-heading .elementor-heading-title[class*=elementor-size-]>a{color:inherit;font-size:inherit;line-height:inherit}.elementor-widget-heading .elementor-heading-title.elementor-size-small{font-size:15px}.elementor-widget-heading .elementor-heading-title.elementor-size-medium{font-size:19px}.elementor-widget-heading .elementor-heading-title.elementor-size-large{font-size:29px}.elementor-widget-heading .elementor-heading-title.elementor-size-xl{font-size:39px}.elementor-widget-heading .elementor-heading-title.elementor-size-xxl{font-size:59px}<\/style><h2 class=\"elementor-heading-title elementor-size-default\">STATUTE <br>MONO ACADEMY 4+1<\/h2>\t\t<\/div>\n\t\t\t\t<\/div>\n\t\t\t\t\t<\/div>\n\t\t<\/div>\n\t\t\t\t\t\t\t<\/div>\n\t\t<\/section>\n\t\t\t\t\t<\/div>\n\t\t<\/div>\n\t\t\t\t\t\t\t<\/div>\n\t\t<\/section>\n\t\t\t\t<section class=\"elementor-section elementor-top-section elementor-element elementor-element-247d72eb elementor-section-boxed elementor-section-height-default elementor-section-height-default\" data-id=\"247d72eb\" data-element_type=\"section\">\n\t\t\t\t\t\t<div class=\"elementor-container elementor-column-gap-default\">\n\t\t\t\t\t<div class=\"elementor-column elementor-col-100 elementor-top-column elementor-element elementor-element-3ba74a25\" data-id=\"3ba74a25\" data-element_type=\"column\">\n\t\t\t<div class=\"elementor-widget-wrap elementor-element-populated\">\n\t\t\t\t\t\t\t\t<div class=\"elementor-element elementor-element-20f46e5e elementor-widget elementor-widget-text-editor\" data-id=\"20f46e5e\" data-element_type=\"widget\" data-widget_type=\"text-editor.default\">\n\t\t\t\t<div class=\"elementor-widget-container\">\n\t\t\t<style>\/*! elementor - v3.18.0 - 20-12-2023 *\/\n.elementor-widget-text-editor.elementor-drop-cap-view-stacked .elementor-drop-cap{background-color:#69727d;color:#fff}.elementor-widget-text-editor.elementor-drop-cap-view-framed .elementor-drop-cap{color:#69727d;border:3px solid;background-color:transparent}.elementor-widget-text-editor:not(.elementor-drop-cap-view-default) .elementor-drop-cap{margin-top:8px}.elementor-widget-text-editor:not(.elementor-drop-cap-view-default) .elementor-drop-cap-letter{width:1em;height:1em}.elementor-widget-text-editor .elementor-drop-cap{float:left;text-align:center;line-height:1;font-size:50px}.elementor-widget-text-editor .elementor-drop-cap-letter{display:inline-block}<\/style>\t\t\t\t<p><!-- wp:heading --><\/p>\n<h1><b>General rules<\/b><\/h1>\n<ol>\n<li style=\"font-size: 15px;\">The MONO Academy 4+1 workshops consist of a series of 5 classes, including 4 classes in climbing techniques and a training in top belaying.\u00a0\u00a0<\/li>\n<li>A participant can sign up for the entire cycle of 5 classes or for 4 climbing technique classes (excluding belaying training).\u00a0<\/li>\n<li>Participation in the climbing technique classes requires the ability to belay using the top method. Therefore, the participant must have previously completed a training course in belaying using the top method. Therefore, people who do not meet this condition must sign up for the entire cycle of 5 classes, including the belaying training. In the event of insufficient belaying skills, the participant will not be allowed by the instructor to participate in the climbing technique classes. In such a case, the organizer will not return the advance payment.\u00a0<\/li>\n<li>Classes are held once a week, according to the given schedule.<\/li>\n<li style=\"font-size: 15px;\">Classes are held in groups of 4 to 6 people. If fewer people book participation, the organizer reserves the right to cancel the series of classes.<\/li>\n<li>The condition for participation in the classes is: (1) booking of participation in the selected series of classes by <a href=\"https:\/\/monoclimb.pl\/en\/form-mono-akademia\/\">form<\/a> on the website, (2) acceptance of these regulations and (3) payment for the entire cycle of classes<\/li>\n<li style=\"font-size: 15px;\">If a participant does not take part in any of the classes in the series, they can use the fee for that class as a single entry ticket to the climbing wall. The organizer does not refund the fee for classes that the participant was absent from.\u00a0\u00a0<\/li>\n<li style=\"font-size: 15px;\">Participants of the section are required to:\u00a0<a style=\"font-size: 15px; transition-property: all;\" href=\"http:\/\/monoclimb.pl\/en\/do-pobrania\/\">MONO climbing wall regulations<\/a>\u00a0<\/li>\n<\/ol>\n<h1><b>Fees<\/b><\/h1>\n<ol>\n<li><span style=\"font-size: 15px; background-color: var( --e-global-color-f2f264c ); color: var( --e-global-color-secondary ); letter-spacing: 0.4px;\">The fee for the classes is <\/span><b style=\"font-size: 15px; background-color: var( --e-global-color-f2f264c ); color: var( --e-global-color-secondary ); letter-spacing: 0.4px;\">300.00 PLN <\/b><span style=\"font-size: 15px; background-color: var( --e-global-color-f2f264c ); color: var( --e-global-color-secondary ); letter-spacing: 0.4px;\">(cycle of 5 classes) or <b>24<\/b><\/span><span style=\"font-size: 15px; background-color: var( --e-global-color-f2f264c ); color: var( --e-global-color-secondary ); letter-spacing: 0.4px;\"><span style=\"font-variant-ligatures: normal; font-variant-caps: normal; font-family: Arial, Helvetica, sans-serif; font-size: 15px; font-style: normal; color: var( --e-global-color-secondary ); letter-spacing: 0.4px; background-color: var( --e-global-color-f2f264c );\"><b>0,00 <\/b><\/span><span style=\"font-variant-ligatures: normal; font-variant-caps: normal; font-family: Arial, Helvetica, sans-serif; font-size: 15px; font-style: normal; font-weight: bold; color: var( --e-global-color-secondary ); letter-spacing: 0.4px; background-color: var( --e-global-color-f2f264c );\">zloty\u00a0<\/span><span style=\"font-variant-ligatures: normal; font-variant-caps: normal; font-family: Arial, Helvetica, sans-serif; font-size: 15px; font-style: normal; font-weight: 300; color: var( --e-global-color-secondary ); letter-spacing: 0.4px; background-color: var( --e-global-color-f2f264c );\">(cycle of 4 classes)<\/span>. The fee does not include the rental of harnesses and climbing shoes.\u00a0<\/span><\/li>\n<li><span style=\"font-size: 15px; background-color: var( --e-global-color-f2f264c ); color: var( --e-global-color-secondary ); letter-spacing: 0.4px;\">The amount of the deposit paid to confirm the reservation is: <b>100.00 PLN<\/b>.<\/span><\/li>\n<li style=\"font-size: 15px;\">The deposit is paid by bank transfer to confirm the reservation, and the remaining fee for the classes is paid immediately before the first class at the reception of the facility.<\/li>\n<li style=\"font-size: 15px;\">The deposit will be refunded if the participant cancels (via email: sekcje@monoclimb.pl), but no later than 7 days before the scheduled date of the first class in the cycle (the date of the belay training). After this time, the deposit will not be refunded.\u00a0<\/li>\n<\/ol>\t\t\t\t\t\t<\/div>\n\t\t\t\t<\/div>\n\t\t\t\t\t<\/div>\n\t\t<\/div>\n\t\t\t\t\t\t\t<\/div>\n\t\t<\/section>\n\t\t\t\t\t\t\t<\/div>","protected":false},"excerpt":{"rendered":"<p>REGULAMIN MONO AKADEMIA 4+1 Zasady og\u00f3lne Warsztaty MONO Akademia 4+1 sk\u0142adaj\u0105 si\u0119 z cyklu 5 zaj\u0119\u0107, w tym 4 zaj\u0119\u0107 z techniki wspinaczkowej oraz szkolenia z asekuracji sposobem g\u00f3rnym.\u00a0\u00a0 Uczestnik mo\u017ce zapisa\u0107 si\u0119 na ca\u0142y cykl 5 zaj\u0119\u0107 lub na 4 zaj\u0119cia z techniki wspinaczkowej (z wy\u0142\u0105czeniem szkolenia z asekuracji).\u00a0 Uczestnictwo w zaj\u0119ciach z techniki [&hellip;]<\/p>","protected":false},"author":1,"featured_media":0,"parent":0,"menu_order":0,"comment_status":"closed","ping_status":"closed","template":"elementor_header_footer","meta":{"om_disable_all_campaigns":false,"ngg_post_thumbnail":0,"ocean_post_layout":"","ocean_both_sidebars_style":"","ocean_both_sidebars_content_width":0,"ocean_both_sidebars_sidebars_width":0,"ocean_sidebar":"","ocean_second_sidebar":"","ocean_disable_margins":"enable","ocean_add_body_class":"","ocean_shortcode_before_top_bar":"","ocean_shortcode_after_top_bar":"","ocean_shortcode_before_header":"","ocean_shortcode_after_header":"","ocean_has_shortcode":"","ocean_shortcode_after_title":"","ocean_shortcode_before_footer_widgets":"","ocean_shortcode_after_footer_widgets":"","ocean_shortcode_before_footer_bottom":"","ocean_shortcode_after_footer_bottom":"","ocean_display_top_bar":"default","ocean_display_header":"default","ocean_header_style":"","ocean_center_header_left_menu":"","ocean_custom_header_template":"","ocean_custom_logo":0,"ocean_custom_retina_logo":0,"ocean_custom_logo_max_width":0,"ocean_custom_logo_tablet_max_width":0,"ocean_custom_logo_mobile_max_width":0,"ocean_custom_logo_max_height":0,"ocean_custom_logo_tablet_max_height":0,"ocean_custom_logo_mobile_max_height":0,"ocean_header_custom_menu":"","ocean_menu_typo_font_family":"","ocean_menu_typo_font_subset":"","ocean_menu_typo_font_size":0,"ocean_menu_typo_font_size_tablet":0,"ocean_menu_typo_font_size_mobile":0,"ocean_menu_typo_font_size_unit":"px","ocean_menu_typo_font_weight":"","ocean_menu_typo_font_weight_tablet":"","ocean_menu_typo_font_weight_mobile":"","ocean_menu_typo_transform":"","ocean_menu_typo_transform_tablet":"","ocean_menu_typo_transform_mobile":"","ocean_menu_typo_line_height":0,"ocean_menu_typo_line_height_tablet":0,"ocean_menu_typo_line_height_mobile":0,"ocean_menu_typo_line_height_unit":"","ocean_menu_typo_spacing":0,"ocean_menu_typo_spacing_tablet":0,"ocean_menu_typo_spacing_mobile":0,"ocean_menu_typo_spacing_unit":"","ocean_menu_link_color":"","ocean_menu_link_color_hover":"","ocean_menu_link_color_active":"","ocean_menu_link_background":"","ocean_menu_link_hover_background":"","ocean_menu_link_active_background":"","ocean_menu_social_links_bg":"","ocean_menu_social_hover_links_bg":"","ocean_menu_social_links_color":"","ocean_menu_social_hover_links_color":"","ocean_disable_title":"default","ocean_disable_heading":"default","ocean_post_title":"","ocean_post_subheading":"","ocean_post_title_style":"","ocean_post_title_background_color":"","ocean_post_title_background":0,"ocean_post_title_bg_image_position":"","ocean_post_title_bg_image_attachment":"","ocean_post_title_bg_image_repeat":"","ocean_post_title_bg_image_size":"","ocean_post_title_height":0,"ocean_post_title_bg_overlay":0.5,"ocean_post_title_bg_overlay_color":"","ocean_disable_breadcrumbs":"default","ocean_breadcrumbs_color":"","ocean_breadcrumbs_separator_color":"","ocean_breadcrumbs_links_color":"","ocean_breadcrumbs_links_hover_color":"","ocean_display_footer_widgets":"default","ocean_display_footer_bottom":"default","ocean_custom_footer_template":"","footnotes":""},"aioseo_notices":[],"_links":{"self":[{"href":"https:\/\/monoclimb.pl\/en\/wp-json\/wp\/v2\/pages\/7803"}],"collection":[{"href":"https:\/\/monoclimb.pl\/en\/wp-json\/wp\/v2\/pages"}],"about":[{"href":"https:\/\/monoclimb.pl\/en\/wp-json\/wp\/v2\/types\/page"}],"author":[{"embeddable":true,"href":"https:\/\/monoclimb.pl\/en\/wp-json\/wp\/v2\/users\/1"}],"replies":[{"embeddable":true,"href":"https:\/\/monoclimb.pl\/en\/wp-json\/wp\/v2\/comments?post=7803"}],"version-history":[{"count":0,"href":"https:\/\/monoclimb.pl\/en\/wp-json\/wp\/v2\/pages\/7803\/revisions"}],"wp:attachment":[{"href":"https:\/\/monoclimb.pl\/en\/wp-json\/wp\/v2\/media?parent=7803"}],"curies":[{"name":"wp","href":"https:\/\/api.w.org\/{rel}","templated":true}]}}