{"id":8414,"date":"2025-07-15T20:31:04","date_gmt":"2025-07-15T18:31:04","guid":{"rendered":"https:\/\/monoclimb.pl\/?page_id=8414"},"modified":"2025-10-06T19:18:18","modified_gmt":"2025-10-06T17:18:18","slug":"regulamin-sekcji-2025-26","status":"publish","type":"page","link":"https:\/\/monoclimb.pl\/en\/regulamin-sekcji-2025-26\/","title":{"rendered":"Regulamin sekcji 2025 \/ 26"},"content":{"rendered":"<div data-elementor-type=\"wp-page\" data-elementor-id=\"8414\" class=\"elementor elementor-8414\">\n\t\t\t\t\t\t\t\t\t<section class=\"elementor-section elementor-top-section elementor-element elementor-element-d6b5247 elementor-section-full_width elementor-section-height-default elementor-section-height-default\" data-id=\"d6b5247\" data-element_type=\"section\" data-settings=\"{&quot;background_background&quot;:&quot;classic&quot;}\">\n\t\t\t\t\t\t<div class=\"elementor-container elementor-column-gap-default\">\n\t\t\t\t\t<div class=\"elementor-column elementor-col-100 elementor-top-column elementor-element elementor-element-b1360f9\" data-id=\"b1360f9\" data-element_type=\"column\">\n\t\t\t<div class=\"elementor-widget-wrap elementor-element-populated\">\n\t\t\t\t\t\t\t\t<section class=\"elementor-section elementor-inner-section elementor-element elementor-element-6a7e521 elementor-section-content-middle elementor-section-boxed elementor-section-height-default elementor-section-height-default\" data-id=\"6a7e521\" data-element_type=\"section\" data-settings=\"{&quot;background_background&quot;:&quot;classic&quot;}\">\n\t\t\t\t\t\t<div class=\"elementor-container elementor-column-gap-no\">\n\t\t\t\t\t<div class=\"elementor-column elementor-col-50 elementor-inner-column elementor-element elementor-element-9261b69\" data-id=\"9261b69\" data-element_type=\"column\">\n\t\t\t<div class=\"elementor-widget-wrap elementor-element-populated\">\n\t\t\t\t\t\t\t\t<div class=\"elementor-element elementor-element-c7400a7 elementor-widget elementor-widget-image\" data-id=\"c7400a7\" data-element_type=\"widget\" data-widget_type=\"image.default\">\n\t\t\t\t<div class=\"elementor-widget-container\">\n\t\t\t<style>\/*! elementor - v3.18.0 - 20-12-2023 *\/\n.elementor-widget-image{text-align:center}.elementor-widget-image a{display:inline-block}.elementor-widget-image a img[src$=\".svg\"]{width:48px}.elementor-widget-image img{vertical-align:middle;display:inline-block}<\/style>\t\t\t\t\t\t\t\t\t\t\t\t<img decoding=\"async\" width=\"90\" height=\"90\" src=\"https:\/\/monoclimb.pl\/wp-content\/uploads\/2022\/10\/Logo-sygnet.png\" class=\"attachment-thumbnail size-thumbnail wp-image-1400\" alt=\"\" \/>\t\t\t\t\t\t\t\t\t\t\t\t\t\t\t<\/div>\n\t\t\t\t<\/div>\n\t\t\t\t\t<\/div>\n\t\t<\/div>\n\t\t\t\t<div class=\"elementor-column elementor-col-50 elementor-inner-column elementor-element elementor-element-56b8900\" data-id=\"56b8900\" data-element_type=\"column\">\n\t\t\t<div class=\"elementor-widget-wrap elementor-element-populated\">\n\t\t\t\t\t\t\t\t<div class=\"elementor-element elementor-element-9ba5b01 center-mobile elementor-widget elementor-widget-heading\" data-id=\"9ba5b01\" data-element_type=\"widget\" data-widget_type=\"heading.default\">\n\t\t\t\t<div class=\"elementor-widget-container\">\n\t\t\t<style>\/*! elementor - v3.18.0 - 20-12-2023 *\/\n.elementor-heading-title{padding:0;margin:0;line-height:1}.elementor-widget-heading .elementor-heading-title[class*=elementor-size-]>a{color:inherit;font-size:inherit;line-height:inherit}.elementor-widget-heading .elementor-heading-title.elementor-size-small{font-size:15px}.elementor-widget-heading .elementor-heading-title.elementor-size-medium{font-size:19px}.elementor-widget-heading .elementor-heading-title.elementor-size-large{font-size:29px}.elementor-widget-heading .elementor-heading-title.elementor-size-xl{font-size:39px}.elementor-widget-heading .elementor-heading-title.elementor-size-xxl{font-size:59px}<\/style><h2 class=\"elementor-heading-title elementor-size-default\">REGULATIONS OF CLIMBING SECTIONS<\/h2>\t\t<\/div>\n\t\t\t\t<\/div>\n\t\t\t\t\t<\/div>\n\t\t<\/div>\n\t\t\t\t\t\t\t<\/div>\n\t\t<\/section>\n\t\t\t\t\t<\/div>\n\t\t<\/div>\n\t\t\t\t\t\t\t<\/div>\n\t\t<\/section>\n\t\t\t\t<section class=\"elementor-section elementor-top-section elementor-element elementor-element-247d72eb elementor-section-boxed elementor-section-height-default elementor-section-height-default\" data-id=\"247d72eb\" data-element_type=\"section\">\n\t\t\t\t\t\t<div class=\"elementor-container elementor-column-gap-default\">\n\t\t\t\t\t<div class=\"elementor-column elementor-col-100 elementor-top-column elementor-element elementor-element-3ba74a25\" data-id=\"3ba74a25\" data-element_type=\"column\">\n\t\t\t<div class=\"elementor-widget-wrap elementor-element-populated\">\n\t\t\t\t\t\t\t\t<div class=\"elementor-element elementor-element-20f46e5e elementor-widget elementor-widget-text-editor\" data-id=\"20f46e5e\" data-element_type=\"widget\" data-widget_type=\"text-editor.default\">\n\t\t\t\t<div class=\"elementor-widget-container\">\n\t\t\t<style>\/*! elementor - v3.18.0 - 20-12-2023 *\/\n.elementor-widget-text-editor.elementor-drop-cap-view-stacked .elementor-drop-cap{background-color:#69727d;color:#fff}.elementor-widget-text-editor.elementor-drop-cap-view-framed .elementor-drop-cap{color:#69727d;border:3px solid;background-color:transparent}.elementor-widget-text-editor:not(.elementor-drop-cap-view-default) .elementor-drop-cap{margin-top:8px}.elementor-widget-text-editor:not(.elementor-drop-cap-view-default) .elementor-drop-cap-letter{width:1em;height:1em}.elementor-widget-text-editor .elementor-drop-cap{float:left;text-align:center;line-height:1;font-size:50px}.elementor-widget-text-editor .elementor-drop-cap-letter{display:inline-block}<\/style>\t\t\t\t<p><!-- wp:heading --><\/p>\n<h1><b>General rules<\/b><\/h1>\n<ol>\n<li style=\"font-size: 15px;\">Sections are held from the start date of the section (given in <a href=\"https:\/\/monoclimb.pl\/en\/sekcje-dorosli-grafik-i-zapisy\/\">section schedule<\/a>) until the end of June 2026.&nbsp;<\/li>\n<li>Sections are held once a week<\/li>\n<li style=\"font-size: 15px;\">Sections are conducted in groups of 5 to 8 people.<\/li>\n<li>The condition for participation in a given section is: (1) registration of participation in the selected section by <a href=\"https:\/\/monoclimb.pl\/en\/form-sekcje-dorosli\/\">form<\/a> on the website, (2) acceptance of these regulations and (3) payment of the section fee<\/li>\n<li>If a participant registers for a section where there are no more places available, he or she will be placed on a waiting list and will be notified if a place becomes available in the future.<\/li>\n<li style=\"font-size: 15px;\"><span style=\"font-size: 15px; background-color: var( --e-global-color-f2f264c ); color: var( --e-global-color-secondary ); letter-spacing: 0.4px;\">The section may be terminated for objective reasons, including in the event of too few participants in a given calendar month (less than 5 participants)<\/span><\/li>\n<li style=\"font-size: 15px;\"><span style=\"font-size: 15px; background-color: var( --e-global-color-f2f264c ); color: var( --e-global-color-secondary ); letter-spacing: 0.4px;\">The sections will be led by the instructor specified in the section schedule, with the proviso that the organizer may appoint a replacement for the leading instructor in the event of his\/her absence.&nbsp;<\/span><\/li>\n<li style=\"font-size: 15px;\">Participants of the section are required to:&nbsp;<a style=\"font-size: 15px; transition-property: all;\" href=\"http:\/\/monoclimb.pl\/en\/do-pobrania\/\">MONO climbing wall regulations<\/a>&nbsp;<\/li>\n<\/ol>\n<h1><b>Fees<\/b><\/h1>\n<ol>\n<li><span style=\"font-size: 15px; background-color: var( --e-global-color-f2f264c ); color: var( --e-global-color-secondary ); letter-spacing: 0.4px;\">The fee for the sections is payable&nbsp;<\/span>for the entire calendar month in advance in an amount depending on the number of classes held in a given month at the latest&nbsp;<span style=\"font-family: Arial, Helvetica, sans-serif; font-size: 15px; font-style: normal; font-variant-ligatures: normal; font-variant-caps: normal; font-weight: 300; letter-spacing: 0.4px;\">before the first classes of a given month<\/span><\/li>\n<li><span style=\"font-family: Arial, Helvetica, sans-serif; font-size: 15px; font-style: normal; font-variant-ligatures: normal; font-variant-caps: normal; font-weight: 300; letter-spacing: 0.4px;\">If a participant joins a section from the reserve list or registers for the first time for a section during a given month, the fee for the first month will cover only the classes remaining until the end of the month, counting from the day on which he or she received information about the possibility of joining the section from the reserve list or from the day of first registration for the section.<\/span><\/li>\n<li style=\"font-size: 15px;\">If a participant does not pay the section fee at the first session of a given month without notifying that he\/she will continue to participate in the section, this frees up a place in the section that can be taken by a person from the reserve list<\/li>\n<li style=\"font-size: 15px;\">The price is&nbsp;<span style=\"font-size: 15px; font-weight: bold;\">55 PLN for each class&nbsp;<\/span>taking place in a given month. For example: if 4 classes are planned in a given calendar month, the fee for the section in that month is 4 * 55 PLN = 220 PLN<\/li>\n<li>The section price list may change from the beginning of the next calendar month.<\/li>\n<\/ol>\n<h1>Doing sections<\/h1>\n<ol>\n<li>In the event that a section participant who has paid for classes in a given calendar month is unable to attend part of the classes, they may make up for those classes:\n<ul>\n<li style=\"list-style-type: none;\">\n<ul>\n<li style=\"list-style-type: none;\">\n<ul>\n<li>by participating in a section of the same level on a different day of the week with the same or a different instructor, after prior arrangement at the MONO reception desk. This form of make-up is only possible if the chosen section is not fully booked and&nbsp;<span style=\"font-variant-ligatures: normal; font-variant-caps: normal; font-family: Arial, Helvetica, sans-serif; font-size: 15px; font-style: normal; font-weight: bold; letter-spacing: 0.4px;\">only in a given calendar month<\/span><span style=\"font-family: Arial, Helvetica, sans-serif; font-size: 15px; font-style: normal; font-variant-ligatures: normal; font-variant-caps: normal; font-weight: 300; letter-spacing: 0.4px;\">in which the participant missed or plans to miss the class<\/span>; OR<\/li>\n<li>training independently, i.e. using the fee for a given class as entry to the facility, <b>no later than the end of the next calendar month&nbsp;<\/b>after the month in which the participant missed the class&nbsp;<\/li>\n<\/ul>\n<\/li>\n<\/ul>\n<\/li>\n<\/ul>\n<\/li>\n<li><span style=\"font-size: 15px; letter-spacing: 0.4px;\">Fees for unused and unscheduled classes are not refundable.<\/span><\/li>\n<li style=\"font-size: 15px;\">If the instructor cancels the class and the organizer does not appoint a replacement, the fee for the canceled class reduces the fee for the next calendar month accordingly, and if this is the last month of running a given section, it is returned to the participant.<\/li>\n<\/ol>\n<div><i>The section regulations are effective from 15 July 2025.<\/i><\/div>\t\t\t\t\t\t<\/div>\n\t\t\t\t<\/div>\n\t\t\t\t\t<\/div>\n\t\t<\/div>\n\t\t\t\t\t\t\t<\/div>\n\t\t<\/section>\n\t\t\t\t\t\t\t<\/div>","protected":false},"excerpt":{"rendered":"<p>REGULAMIN SEKCJI WSPINACZKOWYCH Zasady og\u00f3lne Sekcje odbywaj\u0105 si\u0119 od daty rozpocz\u0119cia danej sekcji (podanej w grafiku sekcji) do ko\u0144ca czerwca 2026 r.&nbsp; Sekcje odbywaj\u0105 si\u0119 1 raz w tygodniu Sekcje prowadzone s\u0105 w grupach od 5 do 8 os\u00f3b. Warunkiem uczestnictwa w danej sekcji jest \u0142\u0105cznie: (1) zg\u0142oszenie uczestnictwa w wybranej sekcji przez formularz na [&hellip;]<\/p>","protected":false},"author":1,"featured_media":0,"parent":0,"menu_order":0,"comment_status":"closed","ping_status":"closed","template":"elementor_header_footer","meta":{"om_disable_all_campaigns":false,"ngg_post_thumbnail":0,"ocean_post_layout":"","ocean_both_sidebars_style":"","ocean_both_sidebars_content_width":0,"ocean_both_sidebars_sidebars_width":0,"ocean_sidebar":"","ocean_second_sidebar":"","ocean_disable_margins":"enable","ocean_add_body_class":"","ocean_shortcode_before_top_bar":"","ocean_shortcode_after_top_bar":"","ocean_shortcode_before_header":"","ocean_shortcode_after_header":"","ocean_has_shortcode":"","ocean_shortcode_after_title":"","ocean_shortcode_before_footer_widgets":"","ocean_shortcode_after_footer_widgets":"","ocean_shortcode_before_footer_bottom":"","ocean_shortcode_after_footer_bottom":"","ocean_display_top_bar":"default","ocean_display_header":"default","ocean_header_style":"","ocean_center_header_left_menu":"","ocean_custom_header_template":"","ocean_custom_logo":0,"ocean_custom_retina_logo":0,"ocean_custom_logo_max_width":0,"ocean_custom_logo_tablet_max_width":0,"ocean_custom_logo_mobile_max_width":0,"ocean_custom_logo_max_height":0,"ocean_custom_logo_tablet_max_height":0,"ocean_custom_logo_mobile_max_height":0,"ocean_header_custom_menu":"","ocean_menu_typo_font_family":"","ocean_menu_typo_font_subset":"","ocean_menu_typo_font_size":0,"ocean_menu_typo_font_size_tablet":0,"ocean_menu_typo_font_size_mobile":0,"ocean_menu_typo_font_size_unit":"px","ocean_menu_typo_font_weight":"","ocean_menu_typo_font_weight_tablet":"","ocean_menu_typo_font_weight_mobile":"","ocean_menu_typo_transform":"","ocean_menu_typo_transform_tablet":"","ocean_menu_typo_transform_mobile":"","ocean_menu_typo_line_height":0,"ocean_menu_typo_line_height_tablet":0,"ocean_menu_typo_line_height_mobile":0,"ocean_menu_typo_line_height_unit":"","ocean_menu_typo_spacing":0,"ocean_menu_typo_spacing_tablet":0,"ocean_menu_typo_spacing_mobile":0,"ocean_menu_typo_spacing_unit":"","ocean_menu_link_color":"","ocean_menu_link_color_hover":"","ocean_menu_link_color_active":"","ocean_menu_link_background":"","ocean_menu_link_hover_background":"","ocean_menu_link_active_background":"","ocean_menu_social_links_bg":"","ocean_menu_social_hover_links_bg":"","ocean_menu_social_links_color":"","ocean_menu_social_hover_links_color":"","ocean_disable_title":"default","ocean_disable_heading":"default","ocean_post_title":"","ocean_post_subheading":"","ocean_post_title_style":"","ocean_post_title_background_color":"","ocean_post_title_background":0,"ocean_post_title_bg_image_position":"","ocean_post_title_bg_image_attachment":"","ocean_post_title_bg_image_repeat":"","ocean_post_title_bg_image_size":"","ocean_post_title_height":0,"ocean_post_title_bg_overlay":0.5,"ocean_post_title_bg_overlay_color":"","ocean_disable_breadcrumbs":"default","ocean_breadcrumbs_color":"","ocean_breadcrumbs_separator_color":"","ocean_breadcrumbs_links_color":"","ocean_breadcrumbs_links_hover_color":"","ocean_display_footer_widgets":"default","ocean_display_footer_bottom":"default","ocean_custom_footer_template":"","footnotes":""},"aioseo_notices":[],"_links":{"self":[{"href":"https:\/\/monoclimb.pl\/en\/wp-json\/wp\/v2\/pages\/8414"}],"collection":[{"href":"https:\/\/monoclimb.pl\/en\/wp-json\/wp\/v2\/pages"}],"about":[{"href":"https:\/\/monoclimb.pl\/en\/wp-json\/wp\/v2\/types\/page"}],"author":[{"embeddable":true,"href":"https:\/\/monoclimb.pl\/en\/wp-json\/wp\/v2\/users\/1"}],"replies":[{"embeddable":true,"href":"https:\/\/monoclimb.pl\/en\/wp-json\/wp\/v2\/comments?post=8414"}],"version-history":[{"count":0,"href":"https:\/\/monoclimb.pl\/en\/wp-json\/wp\/v2\/pages\/8414\/revisions"}],"wp:attachment":[{"href":"https:\/\/monoclimb.pl\/en\/wp-json\/wp\/v2\/media?parent=8414"}],"curies":[{"name":"wp","href":"https:\/\/api.w.org\/{rel}","templated":true}]}}