{"id":8435,"date":"2025-07-15T20:57:44","date_gmt":"2025-07-15T18:57:44","guid":{"rendered":"https:\/\/monoclimb.pl\/?page_id=8435"},"modified":"2025-07-15T20:58:37","modified_gmt":"2025-07-15T18:58:37","slug":"form-sekcje-2025-26","status":"publish","type":"page","link":"https:\/\/monoclimb.pl\/en\/form-sekcje-2025-26\/","title":{"rendered":"Formularz zapis\u00f3w &#8211; sekcje 2025\/26"},"content":{"rendered":"<div data-elementor-type=\"wp-page\" data-elementor-id=\"8435\" class=\"elementor elementor-8435\">\n\t\t\t\t\t\t\t\t\t<section class=\"elementor-section elementor-top-section elementor-element elementor-element-36b0a8e elementor-section-full_width elementor-section-height-default elementor-section-height-default\" data-id=\"36b0a8e\" data-element_type=\"section\" data-settings=\"{&quot;background_background&quot;:&quot;classic&quot;}\">\n\t\t\t\t\t\t<div class=\"elementor-container elementor-column-gap-default\">\n\t\t\t\t\t<div class=\"elementor-column elementor-col-100 elementor-top-column elementor-element elementor-element-d0e7598\" data-id=\"d0e7598\" data-element_type=\"column\" data-settings=\"{&quot;background_background&quot;:&quot;classic&quot;}\">\n\t\t\t<div class=\"elementor-widget-wrap elementor-element-populated\">\n\t\t\t\t\t\t\t\t<section class=\"elementor-section elementor-inner-section elementor-element elementor-element-2818dd8 elementor-section-content-middle elementor-section-boxed elementor-section-height-default elementor-section-height-default\" data-id=\"2818dd8\" data-element_type=\"section\" data-settings=\"{&quot;background_background&quot;:&quot;classic&quot;}\">\n\t\t\t\t\t\t<div class=\"elementor-container elementor-column-gap-no\">\n\t\t\t\t\t<div class=\"elementor-column elementor-col-50 elementor-inner-column elementor-element elementor-element-8d2ab6e\" data-id=\"8d2ab6e\" data-element_type=\"column\">\n\t\t\t<div class=\"elementor-widget-wrap elementor-element-populated\">\n\t\t\t\t\t\t\t\t<div class=\"elementor-element elementor-element-493e27d elementor-widget__width-initial elementor-widget elementor-widget-image\" data-id=\"493e27d\" data-element_type=\"widget\" data-widget_type=\"image.default\">\n\t\t\t\t<div class=\"elementor-widget-container\">\n\t\t\t<style>\/*! elementor - v3.18.0 - 20-12-2023 *\/\n.elementor-widget-image{text-align:center}.elementor-widget-image a{display:inline-block}.elementor-widget-image a img[src$=\".svg\"]{width:48px}.elementor-widget-image img{vertical-align:middle;display:inline-block}<\/style>\t\t\t\t\t\t\t\t\t\t\t\t<img decoding=\"async\" width=\"90\" height=\"90\" src=\"https:\/\/monoclimb.pl\/wp-content\/uploads\/2022\/10\/Logo-sygnet.png\" class=\"attachment-thumbnail size-thumbnail wp-image-1400\" alt=\"\" \/>\t\t\t\t\t\t\t\t\t\t\t\t\t\t\t<\/div>\n\t\t\t\t<\/div>\n\t\t\t\t\t<\/div>\n\t\t<\/div>\n\t\t\t\t<div class=\"elementor-column elementor-col-50 elementor-inner-column elementor-element elementor-element-00ba378\" data-id=\"00ba378\" data-element_type=\"column\">\n\t\t\t<div class=\"elementor-widget-wrap elementor-element-populated\">\n\t\t\t\t\t\t\t\t<div class=\"elementor-element elementor-element-476a8c1 center-mobile elementor-widget__width-initial elementor-widget elementor-widget-heading\" data-id=\"476a8c1\" data-element_type=\"widget\" data-widget_type=\"heading.default\">\n\t\t\t\t<div class=\"elementor-widget-container\">\n\t\t\t<style>\/*! elementor - v3.18.0 - 20-12-2023 *\/\n.elementor-heading-title{padding:0;margin:0;line-height:1}.elementor-widget-heading .elementor-heading-title[class*=elementor-size-]>a{color:inherit;font-size:inherit;line-height:inherit}.elementor-widget-heading .elementor-heading-title.elementor-size-small{font-size:15px}.elementor-widget-heading .elementor-heading-title.elementor-size-medium{font-size:19px}.elementor-widget-heading .elementor-heading-title.elementor-size-large{font-size:29px}.elementor-widget-heading .elementor-heading-title.elementor-size-xl{font-size:39px}.elementor-widget-heading .elementor-heading-title.elementor-size-xxl{font-size:59px}<\/style><h2 class=\"elementor-heading-title elementor-size-default\">sections 2025\/26 <br>- application form <\/h2>\t\t<\/div>\n\t\t\t\t<\/div>\n\t\t\t\t\t<\/div>\n\t\t<\/div>\n\t\t\t\t\t\t\t<\/div>\n\t\t<\/section>\n\t\t\t\t\t<\/div>\n\t\t<\/div>\n\t\t\t\t\t\t\t<\/div>\n\t\t<\/section>\n\t\t\t\t<section class=\"elementor-section elementor-top-section elementor-element elementor-element-247d72eb elementor-section-boxed elementor-section-height-default elementor-section-height-default\" data-id=\"247d72eb\" data-element_type=\"section\">\n\t\t\t\t\t\t<div class=\"elementor-container elementor-column-gap-default\">\n\t\t\t\t\t<div class=\"elementor-column elementor-col-100 elementor-top-column elementor-element elementor-element-3ba74a25\" data-id=\"3ba74a25\" data-element_type=\"column\" data-settings=\"{&quot;background_background&quot;:&quot;classic&quot;}\">\n\t\t\t<div class=\"elementor-widget-wrap elementor-element-populated\">\n\t\t\t\t\t\t\t\t<div class=\"elementor-element elementor-element-aeab576 elementor-widget__width-initial elementor-widget-mobile__width-inherit elementor-widget elementor-widget-shortcode\" data-id=\"aeab576\" data-element_type=\"widget\" data-widget_type=\"shortcode.default\">\n\t\t\t\t<div class=\"elementor-widget-container\">\n\t\t\t\t\t<div class=\"elementor-shortcode\"><div class=\"forminator-ui forminator-custom-form forminator-custom-form-8393 forminator-design--default  forminator_ajax\" data-forminator-render=\"0\" data-form=\"forminator-module-8393\" data-uid=\"69e917aaec00c\"><br\/><\/div><form\n\t\t\t\tid=\"forminator-module-8393\"\n\t\t\t\tclass=\"forminator-ui forminator-custom-form forminator-custom-form-8393 forminator-design--default  forminator_ajax\"\n\t\t\t\tmethod=\"post\"\n\t\t\t\tdata-forminator-render=\"0\"\n\t\t\t\tdata-form-id=\"8393\"\n\t\t\t\t\n\t\t\t\tdata-design=\"default\"\n\t\t\t\t\n\t\t\t\t\n\t\t\t\t\n\t\t\t\tdata-grid=\"open\"\n\t\t\t\t\n\t\t\t\t\n\t\t\t\tstyle=\"display: none;\"\n\t\t\t\t\n\t\t\t\tdata-uid=\"69e917aaec00c\" action=\"\"\n\t\t\t><div role=\"alert\" aria-live=\"polite\" class=\"forminator-response-message forminator-error\" aria-hidden=\"true\"><\/div><div class=\"forminator-row\"><div id=\"radio-1\" class=\"forminator-field-radio forminator-col forminator-col-4\"><div role=\"radiogroup\" class=\"forminator-field\" aria-labelledby=\"forminator-radiogroup-radio-1-69e917aaec00c-label\"><span id=\"forminator-radiogroup-radio-1-69e917aaec00c-label\" class=\"forminator-label\">Select your level of advancement <span class=\"forminator-required\">*<\/span><\/span><label id=\"forminator-field-radio-1-label-1\" for=\"forminator-field-radio-1-1-69e917aaec00c\" class=\"forminator-radio\" title=\"Beginner\"><input type=\"radio\" name=\"radio-1\" value=\"one\" id=\"forminator-field-radio-1-1-69e917aaec00c\" aria-labelledby=\"forminator-field-radio-1-label-1\" data-calculation=\"1\"   data-hidden-behavior=\"zero\"\/><span class=\"forminator-radio-bullet\" aria-hidden=\"true\"><\/span><span class=\"forminator-radio-label\">Beginner<\/span><\/label><label id=\"forminator-field-radio-1-label-2\" for=\"forminator-field-radio-1-2-69e917aaec00c\" class=\"forminator-radio\" title=\"Intermediate Advanced\"><input type=\"radio\" name=\"radio-1\" value=\"two\" id=\"forminator-field-radio-1-2-69e917aaec00c\" aria-labelledby=\"forminator-field-radio-1-label-2\" data-calculation=\"2\"   data-hidden-behavior=\"zero\"\/><span class=\"forminator-radio-bullet\" aria-hidden=\"true\"><\/span><span class=\"forminator-radio-label\">Intermediate Advanced<\/span><\/label><label id=\"forminator-field-radio-1-label-3\" for=\"forminator-field-radio-1-3-69e917aaec00c\" class=\"forminator-radio\" title=\"Advanced\"><input type=\"radio\" name=\"radio-1\" value=\"Zaawansowani\" id=\"forminator-field-radio-1-3-69e917aaec00c\" aria-labelledby=\"forminator-field-radio-1-label-3\" data-calculation=\"3\"   data-hidden-behavior=\"zero\"\/><span class=\"forminator-radio-bullet\" aria-hidden=\"true\"><\/span><span class=\"forminator-radio-label\">Advanced<\/span><\/label><\/div><\/div><div id=\"html-1\" class=\"forminator-field-html forminator-col forminator-col-4\"><div class=\"forminator-field forminator-merge-tags\" data-field=\"html-1\"><p style=\"background-color: #0000ff;color: #ffffff\">The condition for participation in the intermediate section is practical ability to belay using the lower method (completed training or climbing course).<\/p>\n<p>&nbsp;<\/p><\/div><\/div><div id=\"html-2\" class=\"forminator-field-html forminator-col forminator-col-4\"><div class=\"forminator-field forminator-merge-tags\" data-field=\"html-2\"><p style=\"background-color: #0000ff;color: #ffffff\">The condition for participation in the advanced section is practical ability to belay using the lower method (completed training or climbing course) and leading routes with a grade of approximately 6c (VI.2).&nbsp;<\/p><\/div><\/div><\/div><div class=\"forminator-row\"><div id=\"select-1\" class=\"forminator-field-select forminator-col forminator-col-12\"><div class=\"forminator-field\"><label for=\"forminator-form-8393__field--select-1_69e917aaec00c\" id=\"forminator-form-8393__field--select-1_69e917aaec00c-label\" class=\"forminator-label\">Select a section <span class=\"forminator-required\">*<\/span><\/label><select  id=\"forminator-form-8393__field--select-1_69e917aaec00c\" class=\"forminator-select--field forminator-select2 forminator-select2-multiple\" data-required=\"1\" name=\"select-1\" data-default-value=\"\" data-hidden-behavior=\"zero\" data-placeholder=\"Wybierz sekcj\u0119, na kt\u00f3r\u0105 chcesz si\u0119 zapisa\u0107\" data-search=\"true\" data-search-placeholder=\"Wybierz sekcj\u0119, na kt\u00f3r\u0105 chcesz si\u0119 zapisa\u0107\" data-checkbox=\"false\" data-allow-clear=\"false\" aria-labelledby=\"forminator-form-8393__field--select-1_69e917aaec00c-label\"><option value=\"\"  >Select the section you want to sign up for<\/option><option value=\"Pocz\u0105tkuj\u0105cy---Antek-Olech\"  data-calculation=\"0\">Beginners - Antek Olech - Mondays 8:00<\/option><option value=\"Pocz\u0105tkuj\u0105cy---Antek-Olech---\u015brody-8:00\"  data-calculation=\"0\">Beginners - Agnieszka Pokrzywi\u0144ska - Mondays 6:45 PM<\/option><option value=\"Pocz\u0105tkuj\u0105cy---Olga-Kulish\"  data-calculation=\"0\">Beginners - Pawe\u0142 \u0141uczeczko - Tuesdays 6:20 PM<\/option><option value=\"Pocz\u0105tkuj\u0105cy---Maciej-Przedpe\u0142ski--\"  data-calculation=\"0\">Beginners - Maciej Przedpe\u0142ski - Wednesdays 5:00 PM<\/option><option value=\"Pocz\u0105tkuj\u0105cy---Olga-Kulish--\"  data-calculation=\"0\">Beginner - Olga Kulish - Fridays 18:30<\/option><\/select><\/div><\/div><\/div><div class=\"forminator-row\"><div id=\"select-2\" class=\"forminator-field-select forminator-col forminator-col-12\"><div class=\"forminator-field\"><label for=\"forminator-form-8393__field--select-2_69e917aaec00c\" id=\"forminator-form-8393__field--select-2_69e917aaec00c-label\" class=\"forminator-label\">Select a section <span class=\"forminator-required\">*<\/span><\/label><select  id=\"forminator-form-8393__field--select-2_69e917aaec00c\" class=\"forminator-select--field forminator-select2 forminator-select2-multiple\" data-required=\"1\" name=\"select-2\" data-default-value=\"\" data-hidden-behavior=\"zero\" data-placeholder=\"Wybierz sekcj\u0119, na kt\u00f3r\u0105 chcesz si\u0119 zapisa\u0107\" data-search=\"true\" data-search-placeholder=\"Wybierz sekcj\u0119, na kt\u00f3r\u0105 chcesz si\u0119 zapisa\u0107\" data-checkbox=\"false\" data-allow-clear=\"false\" aria-labelledby=\"forminator-form-8393__field--select-2_69e917aaec00c-label\"><option value=\"\"  >Select the section you want to sign up for<\/option><option value=\"Pocz\u0105tkuj\u0105cy---Olga-Kulish\"  data-calculation=\"0\">Intermediate advanced - Pawe\u0142 \u0141uczeczko - Tuesdays 16:45<\/option><option value=\"Pocz\u0105tkuj\u0105cy---Pawe\u0142-\u0141uczeczko---wtorki-18:20\"  data-calculation=\"0\">Intermediate Advanced - Pawe\u0142 \u0141uczeczko - Thursdays 4:45 PM<\/option><option value=\"\u015ar.-zaawansowani---Pawe\u0142-\u0141uczeczko--\"  data-calculation=\"0\">Intermediate Advanced - Pawe\u0142 \u0141uczeczko - Thursdays 7:55 PM<\/option><option value=\"Pocz\u0105tkuj\u0105cy---Antek-Olech\"  data-calculation=\"0\">Intermediate Advanced - Antek Olech - Wednesdays 8:00<\/option><option value=\"\u015ar.-zaawansowani---Antek-Olech---\u015brody-8:00\"  data-calculation=\"0\">Intermediate Advanced - Antek Olech - Wednesdays 8:10 PM<\/option><option value=\"Pocz\u0105tkuj\u0105cy---Maciej-Przedpe\u0142ski--\"  data-calculation=\"0\">Intermediate advanced - Maciej Przedpe\u0142ski - Wednesdays 18:30<\/option><option value=\"Pocz\u0105tkuj\u0105cy---Olga-Kulish--\"  data-calculation=\"0\">Wed. advanced - Olga Kulish - Fridays 17:00<\/option><\/select><\/div><\/div><\/div><div class=\"forminator-row\"><div id=\"select-3\" class=\"forminator-field-select forminator-col forminator-col-12\"><div class=\"forminator-field\"><label for=\"forminator-form-8393__field--select-3_69e917aaec00c\" id=\"forminator-form-8393__field--select-3_69e917aaec00c-label\" class=\"forminator-label\">Select a section <span class=\"forminator-required\">*<\/span><\/label><select  id=\"forminator-form-8393__field--select-3_69e917aaec00c\" class=\"forminator-select--field forminator-select2 forminator-select2-multiple\" data-required=\"1\" name=\"select-3\" data-default-value=\"\u015ar.-zaawansowani---Pawe\u0142-\u0141uczeczko---wtorki-19:55\" data-hidden-behavior=\"zero\" data-placeholder=\"Wybierz sekcj\u0119, na kt\u00f3r\u0105 chcesz si\u0119 zapisa\u0107\" data-search=\"true\" data-search-placeholder=\"Wybierz sekcj\u0119, na kt\u00f3r\u0105 chcesz si\u0119 zapisa\u0107\" data-checkbox=\"false\" data-allow-clear=\"false\" aria-labelledby=\"forminator-form-8393__field--select-3_69e917aaec00c-label\"><option value=\"\"  >Select the section you want to sign up for<\/option><option value=\"\u015ar.-zaawansowani---Pawe\u0142-\u0141uczeczko---wtorki-19:55\" selected=\"selected\" data-calculation=\"0\">Advanced - Pawe\u0142 \u0141uczeczko - Tuesdays 7:55 PM<\/option><\/select><\/div><\/div><\/div><div class=\"forminator-row\"><div id=\"html-3\" class=\"forminator-field-html forminator-col forminator-col-12\"><div class=\"forminator-field forminator-merge-tags\" data-field=\"html-3\"><p style=\"background-color: #ff0000;color: #ffffff\">There are only spots left on the waiting list for this date. If you register for this date, we will notify you when a spot becomes available. To ensure your participation in the section, please select an alternative date.<\/p>\n<p>&nbsp;<\/p><\/div><\/div><\/div><div class=\"forminator-row\"><div id=\"group-1\" class=\"forminator-field-group forminator-col forminator-col-12\"><label class=\"forminator-label forminator-repeater-label\">Enter your details and confirm your knowledge of the regulations and your consent to the GDPR.<\/label><div class=\"forminator-all-group-copies forminator-repeater-field\"><div class=\"forminator-grouped-fields\" data-options=\"{&quot;is_repeater&quot;:false,&quot;min_type&quot;:&quot;custom&quot;,&quot;max_type&quot;:&quot;custom&quot;,&quot;min&quot;:1,&quot;max&quot;:9223372036854775807,&quot;add_text&quot;:&quot;Add item&quot;,&quot;remove_text&quot;:&quot;Remove item&quot;,&quot;action_element_type&quot;:&quot;button&quot;}\"><div class=\"forminator-row\"><div id=\"name-1\" class=\"forminator-field-name forminator-col forminator-col-12\"><div class=\"forminator-row forminator-no-margin\" data-multiple=\"true\"><div class=\"forminator-col forminator-col-md-6\"><div class=\"forminator-field\"><label for=\"forminator-field-first-name-1_69e917aaec00c\" id=\"forminator-field-first-name-1_69e917aaec00c-label\" class=\"forminator-label\">Name <span class=\"forminator-required\">*<\/span><\/label><input type=\"text\" name=\"name-1-first-name\" placeholder=\"\" id=\"forminator-field-first-name-1_69e917aaec00c\" class=\"forminator-input\" aria-required=\"true\" data-multi=\"1\" value=\"\" \/><\/div><\/div><div class=\"forminator-col forminator-col-md-6\"><div class=\"forminator-field\"><label for=\"forminator-field-last-name-1_69e917aaec00c\" id=\"forminator-field-last-name-1_69e917aaec00c-label\" class=\"forminator-label\">Last name <span class=\"forminator-required\">*<\/span><\/label><input type=\"text\" name=\"name-1-last-name\" placeholder=\"\" id=\"forminator-field-last-name-1_69e917aaec00c\" class=\"forminator-input\" aria-required=\"true\" data-multi=\"1\" value=\"\" \/><\/div><\/div><\/div><\/div><\/div><div class=\"forminator-row\"><div id=\"email-1\" class=\"forminator-field-email forminator-col forminator-col-12\"><div class=\"forminator-field\"><label for=\"forminator-field-email-1_69e917aaec00c\" id=\"forminator-field-email-1_69e917aaec00c-label\" class=\"forminator-label\">Email address <span class=\"forminator-required\">*<\/span><\/label><input type=\"email\" name=\"email-1\" value=\"\" placeholder=\"\" id=\"forminator-field-email-1_69e917aaec00c\" class=\"forminator-input forminator-email--field\" data-required=\"1\" aria-required=\"true\" \/><\/div><\/div><\/div><div class=\"forminator-row\"><div id=\"phone-1\" class=\"forminator-field-phone forminator-col forminator-col-12\"><div class=\"forminator-field\"><label for=\"forminator-field-phone-1_69e917aaec00c\" id=\"forminator-field-phone-1_69e917aaec00c-label\" class=\"forminator-label\">Phone number <span class=\"forminator-required\">*<\/span><\/label><input type=\"text\" name=\"phone-1\" value=\"\" placeholder=\"XXX XXX XXX\" id=\"forminator-field-phone-1_69e917aaec00c\" class=\"forminator-input forminator-field--phone\" data-required=\"1\" aria-required=\"true\" autocomplete=\"off\" data-national_mode=\"enabled\" data-country=\"pl\" data-validation=\"standard\" \/><\/div><\/div><\/div><div class=\"forminator-row\"><div id=\"textarea-1\" class=\"forminator-field-textarea forminator-col forminator-col-12\"><div class=\"forminator-field\"><label for=\"forminator-field-textarea-1_69e917aaec00c\" id=\"forminator-field-textarea-1_69e917aaec00c-label\" class=\"forminator-label\">Additional information<\/label><textarea name=\"textarea-1\" placeholder=\"\" id=\"forminator-field-textarea-1_69e917aaec00c\" class=\"forminator-textarea\" rows=\"6\" style=\"min-height:140px;\" ><\/textarea><\/div><\/div><\/div><div class=\"forminator-row\"><div id=\"consent-2\" class=\"forminator-field-consent forminator-col forminator-col-12\"><div class=\"forminator-field\"><div class=\"forminator-checkbox__wrapper\"><label id=\"forminator-field-consent-2_69e917aaec00c__label\" class=\"forminator-checkbox forminator-consent\" aria-labelledby=\"forminator-field-consent-2_69e917aaec00c-label\" aria-hidden=\"true\"><input type=\"checkbox\" name=\"consent-2\" id=\"forminator-field-consent-2_69e917aaec00c\" value=\"checked\" aria-labelledby=\"forminator-field-consent-2_69e917aaec00c-label\" aria-describedby=\"forminator-field-consent-2_69e917aaec00c__description\" data-required=\"true\" aria-required=\"true\" \/><span class=\"forminator-checkbox-box\" aria-hidden=\"true\"><\/span><\/label><div id=\"forminator-field-consent-2_69e917aaec00c__description\" class=\"forminator-checkbox__label forminator-consent__label\"><p>I consent to the processing of my personal data&nbsp;<b>only for organizational purposes related to the sections to which I submit the application<\/b>. The personal data provided in the form may be processed by the administrator in accordance with the regulations in force in this regard (GDPR) and <a href=\"https:\/\/monoclimb.pl\/en\/polityka-prywatnosci\/\">Privacy policy<\/a>.<\/p><\/div><\/div><\/div><\/div><\/div><div class=\"forminator-row\"><div id=\"consent-1\" class=\"forminator-field-consent forminator-col forminator-col-12\"><div class=\"forminator-field\"><div class=\"forminator-checkbox__wrapper\"><label id=\"forminator-field-consent-1_69e917aaec00c__label\" class=\"forminator-checkbox forminator-consent\" aria-labelledby=\"forminator-field-consent-1_69e917aaec00c-label\" aria-hidden=\"true\"><input type=\"checkbox\" name=\"consent-1\" id=\"forminator-field-consent-1_69e917aaec00c\" value=\"checked\" aria-labelledby=\"forminator-field-consent-1_69e917aaec00c-label\" aria-describedby=\"forminator-field-consent-1_69e917aaec00c__description\" data-required=\"true\" aria-required=\"true\" \/><span class=\"forminator-checkbox-box\" aria-hidden=\"true\"><\/span><\/label><div id=\"forminator-field-consent-1_69e917aaec00c__description\" class=\"forminator-checkbox__label forminator-consent__label\"><p>&nbsp;I have read and understood&nbsp;<a href=\"https:\/\/monoclimb.pl\/en\/regulamin-sekcji\/\">Section regulations<\/a>.and I accept it.<\/p><\/div><\/div><\/div><\/div><\/div><\/div><\/div><\/div><\/div><div class=\"forminator-row\"><div id=\"captcha-1\" class=\"forminator-field-captcha forminator-col forminator-col-12\"><div class=\"forminator-captcha-left forminator-g-recaptcha\" data-theme=\"light\"  data-sitekey=\"6LffjLgrAAAAABV0xtwE2GKNiig2uVO_sMVkNWPN\" data-size=\"normal\"><\/div> <\/div><\/div><input type=\"hidden\" name=\"referer_url\" value=\"\" \/><div class=\"forminator-row forminator-row-last\"><div class=\"forminator-col\"><div class=\"forminator-field\"><button class=\"forminator-button forminator-button-submit\">I&#039;M SIGNING UP<\/button><\/div><\/div><\/div><input type=\"hidden\" id=\"forminator_nonce\" name=\"forminator_nonce\" value=\"6e0d5af1df\" \/><input type=\"hidden\" name=\"_wp_http_referer\" value=\"\/en\/wp-json\/wp\/v2\/pages\/8435\" \/><input type=\"hidden\" name=\"form_id\" value=\"8393\"><input type=\"hidden\" name=\"page_id\" value=\"8435\"><input type=\"hidden\" name=\"form_type\" value=\"default\"><input type=\"hidden\" name=\"current_url\" value=\"https:\/\/monoclimb.pl\/en\/form-sekcje-2025-26\/\"><input type=\"hidden\" name=\"render_id\" value=\"0\"><input type=\"hidden\" name=\"action\" value=\"forminator_submit_form_custom-forms\"><input type=\"hidden\" name=\"trp-form-language\" value=\"en\"\/><\/form><\/div>\n\t\t\t\t<\/div>\n\t\t\t\t<\/div>\n\t\t\t\t\t<\/div>\n\t\t<\/div>\n\t\t\t\t\t\t\t<\/div>\n\t\t<\/section>\n\t\t\t\t\t\t\t<\/div>","protected":false},"excerpt":{"rendered":"<p>sekcje 2025 \/ 26 &#8211; formularz zg\u0142oszeniowy<\/p>","protected":false},"author":1,"featured_media":0,"parent":0,"menu_order":0,"comment_status":"closed","ping_status":"closed","template":"elementor_header_footer","meta":{"om_disable_all_campaigns":false,"ngg_post_thumbnail":0,"ocean_post_layout":"","ocean_both_sidebars_style":"","ocean_both_sidebars_content_width":0,"ocean_both_sidebars_sidebars_width":0,"ocean_sidebar":"","ocean_second_sidebar":"","ocean_disable_margins":"enable","ocean_add_body_class":"","ocean_shortcode_before_top_bar":"","ocean_shortcode_after_top_bar":"","ocean_shortcode_before_header":"","ocean_shortcode_after_header":"","ocean_has_shortcode":"","ocean_shortcode_after_title":"","ocean_shortcode_before_footer_widgets":"","ocean_shortcode_after_footer_widgets":"","ocean_shortcode_before_footer_bottom":"","ocean_shortcode_after_footer_bottom":"","ocean_display_top_bar":"default","ocean_display_header":"default","ocean_header_style":"","ocean_center_header_left_menu":"","ocean_custom_header_template":"","ocean_custom_logo":0,"ocean_custom_retina_logo":0,"ocean_custom_logo_max_width":0,"ocean_custom_logo_tablet_max_width":0,"ocean_custom_logo_mobile_max_width":0,"ocean_custom_logo_max_height":0,"ocean_custom_logo_tablet_max_height":0,"ocean_custom_logo_mobile_max_height":0,"ocean_header_custom_menu":"","ocean_menu_typo_font_family":"","ocean_menu_typo_font_subset":"","ocean_menu_typo_font_size":0,"ocean_menu_typo_font_size_tablet":0,"ocean_menu_typo_font_size_mobile":0,"ocean_menu_typo_font_size_unit":"px","ocean_menu_typo_font_weight":"","ocean_menu_typo_font_weight_tablet":"","ocean_menu_typo_font_weight_mobile":"","ocean_menu_typo_transform":"","ocean_menu_typo_transform_tablet":"","ocean_menu_typo_transform_mobile":"","ocean_menu_typo_line_height":0,"ocean_menu_typo_line_height_tablet":0,"ocean_menu_typo_line_height_mobile":0,"ocean_menu_typo_line_height_unit":"","ocean_menu_typo_spacing":0,"ocean_menu_typo_spacing_tablet":0,"ocean_menu_typo_spacing_mobile":0,"ocean_menu_typo_spacing_unit":"","ocean_menu_link_color":"","ocean_menu_link_color_hover":"","ocean_menu_link_color_active":"","ocean_menu_link_background":"","ocean_menu_link_hover_background":"","ocean_menu_link_active_background":"","ocean_menu_social_links_bg":"","ocean_menu_social_hover_links_bg":"","ocean_menu_social_links_color":"","ocean_menu_social_hover_links_color":"","ocean_disable_title":"default","ocean_disable_heading":"default","ocean_post_title":"","ocean_post_subheading":"","ocean_post_title_style":"","ocean_post_title_background_color":"","ocean_post_title_background":0,"ocean_post_title_bg_image_position":"","ocean_post_title_bg_image_attachment":"","ocean_post_title_bg_image_repeat":"","ocean_post_title_bg_image_size":"","ocean_post_title_height":0,"ocean_post_title_bg_overlay":0.5,"ocean_post_title_bg_overlay_color":"","ocean_disable_breadcrumbs":"default","ocean_breadcrumbs_color":"","ocean_breadcrumbs_separator_color":"","ocean_breadcrumbs_links_color":"","ocean_breadcrumbs_links_hover_color":"","ocean_display_footer_widgets":"default","ocean_display_footer_bottom":"default","ocean_custom_footer_template":"","footnotes":""},"aioseo_notices":[],"_links":{"self":[{"href":"https:\/\/monoclimb.pl\/en\/wp-json\/wp\/v2\/pages\/8435"}],"collection":[{"href":"https:\/\/monoclimb.pl\/en\/wp-json\/wp\/v2\/pages"}],"about":[{"href":"https:\/\/monoclimb.pl\/en\/wp-json\/wp\/v2\/types\/page"}],"author":[{"embeddable":true,"href":"https:\/\/monoclimb.pl\/en\/wp-json\/wp\/v2\/users\/1"}],"replies":[{"embeddable":true,"href":"https:\/\/monoclimb.pl\/en\/wp-json\/wp\/v2\/comments?post=8435"}],"version-history":[{"count":0,"href":"https:\/\/monoclimb.pl\/en\/wp-json\/wp\/v2\/pages\/8435\/revisions"}],"wp:attachment":[{"href":"https:\/\/monoclimb.pl\/en\/wp-json\/wp\/v2\/media?parent=8435"}],"curies":[{"name":"wp","href":"https:\/\/api.w.org\/{rel}","templated":true}]}}