{"id":9320,"date":"2026-02-18T21:47:08","date_gmt":"2026-02-18T20:47:08","guid":{"rendered":"https:\/\/monoclimb.pl\/?page_id=9320"},"modified":"2026-02-18T21:54:59","modified_gmt":"2026-02-18T20:54:59","slug":"regulamin-konkursu","status":"publish","type":"page","link":"https:\/\/monoclimb.pl\/en\/regulamin-konkursu\/","title":{"rendered":"Regulamin konkursu"},"content":{"rendered":"<div data-elementor-type=\"wp-page\" data-elementor-id=\"9320\" class=\"elementor elementor-9320\">\n\t\t\t\t\t\t\t\t\t<section class=\"elementor-section elementor-top-section elementor-element elementor-element-d6b5247 elementor-section-full_width elementor-section-height-default elementor-section-height-default\" data-id=\"d6b5247\" data-element_type=\"section\" data-settings=\"{&quot;background_background&quot;:&quot;classic&quot;}\">\n\t\t\t\t\t\t<div class=\"elementor-container elementor-column-gap-default\">\n\t\t\t\t\t<div class=\"elementor-column elementor-col-100 elementor-top-column elementor-element elementor-element-b1360f9\" data-id=\"b1360f9\" data-element_type=\"column\">\n\t\t\t<div class=\"elementor-widget-wrap elementor-element-populated\">\n\t\t\t\t\t\t\t\t<section class=\"elementor-section elementor-inner-section elementor-element elementor-element-6a7e521 elementor-section-content-middle elementor-section-boxed elementor-section-height-default elementor-section-height-default\" data-id=\"6a7e521\" data-element_type=\"section\" data-settings=\"{&quot;background_background&quot;:&quot;classic&quot;}\">\n\t\t\t\t\t\t<div class=\"elementor-container elementor-column-gap-no\">\n\t\t\t\t\t<div class=\"elementor-column elementor-col-50 elementor-inner-column elementor-element elementor-element-9261b69\" data-id=\"9261b69\" data-element_type=\"column\">\n\t\t\t<div class=\"elementor-widget-wrap elementor-element-populated\">\n\t\t\t\t\t\t\t\t<div class=\"elementor-element elementor-element-c7400a7 elementor-widget elementor-widget-image\" data-id=\"c7400a7\" data-element_type=\"widget\" data-widget_type=\"image.default\">\n\t\t\t\t<div class=\"elementor-widget-container\">\n\t\t\t<style>\/*! elementor - v3.18.0 - 20-12-2023 *\/\n.elementor-widget-image{text-align:center}.elementor-widget-image a{display:inline-block}.elementor-widget-image a img[src$=\".svg\"]{width:48px}.elementor-widget-image img{vertical-align:middle;display:inline-block}<\/style>\t\t\t\t\t\t\t\t\t\t\t\t<img decoding=\"async\" width=\"90\" height=\"90\" src=\"https:\/\/monoclimb.pl\/wp-content\/uploads\/2022\/10\/Logo-sygnet.png\" class=\"attachment-thumbnail size-thumbnail wp-image-1400\" alt=\"\" \/>\t\t\t\t\t\t\t\t\t\t\t\t\t\t\t<\/div>\n\t\t\t\t<\/div>\n\t\t\t\t\t<\/div>\n\t\t<\/div>\n\t\t\t\t<div class=\"elementor-column elementor-col-50 elementor-inner-column elementor-element elementor-element-56b8900\" data-id=\"56b8900\" data-element_type=\"column\">\n\t\t\t<div class=\"elementor-widget-wrap elementor-element-populated\">\n\t\t\t\t\t\t\t\t<div class=\"elementor-element elementor-element-9ba5b01 center-mobile elementor-widget elementor-widget-heading\" data-id=\"9ba5b01\" data-element_type=\"widget\" data-widget_type=\"heading.default\">\n\t\t\t\t<div class=\"elementor-widget-container\">\n\t\t\t<style>\/*! elementor - v3.18.0 - 20-12-2023 *\/\n.elementor-heading-title{padding:0;margin:0;line-height:1}.elementor-widget-heading .elementor-heading-title[class*=elementor-size-]>a{color:inherit;font-size:inherit;line-height:inherit}.elementor-widget-heading .elementor-heading-title.elementor-size-small{font-size:15px}.elementor-widget-heading .elementor-heading-title.elementor-size-medium{font-size:19px}.elementor-widget-heading .elementor-heading-title.elementor-size-large{font-size:29px}.elementor-widget-heading .elementor-heading-title.elementor-size-xl{font-size:39px}.elementor-widget-heading .elementor-heading-title.elementor-size-xxl{font-size:59px}<\/style><h2 class=\"elementor-heading-title elementor-size-default\">REGULAMIN KONKURSU VIDEO<\/h2>\t\t<\/div>\n\t\t\t\t<\/div>\n\t\t\t\t\t<\/div>\n\t\t<\/div>\n\t\t\t\t\t\t\t<\/div>\n\t\t<\/section>\n\t\t\t\t\t<\/div>\n\t\t<\/div>\n\t\t\t\t\t\t\t<\/div>\n\t\t<\/section>\n\t\t\t\t<section class=\"elementor-section elementor-top-section elementor-element elementor-element-247d72eb elementor-section-boxed elementor-section-height-default elementor-section-height-default\" data-id=\"247d72eb\" data-element_type=\"section\">\n\t\t\t\t\t\t<div class=\"elementor-container elementor-column-gap-default\">\n\t\t\t\t\t<div class=\"elementor-column elementor-col-100 elementor-top-column elementor-element elementor-element-3ba74a25\" data-id=\"3ba74a25\" data-element_type=\"column\">\n\t\t\t<div class=\"elementor-widget-wrap elementor-element-populated\">\n\t\t\t\t\t\t\t\t<div class=\"elementor-element elementor-element-20f46e5e elementor-widget elementor-widget-text-editor\" data-id=\"20f46e5e\" data-element_type=\"widget\" data-widget_type=\"text-editor.default\">\n\t\t\t\t<div class=\"elementor-widget-container\">\n\t\t\t<style>\/*! elementor - v3.18.0 - 20-12-2023 *\/\n.elementor-widget-text-editor.elementor-drop-cap-view-stacked .elementor-drop-cap{background-color:#69727d;color:#fff}.elementor-widget-text-editor.elementor-drop-cap-view-framed .elementor-drop-cap{color:#69727d;border:3px solid;background-color:transparent}.elementor-widget-text-editor:not(.elementor-drop-cap-view-default) .elementor-drop-cap{margin-top:8px}.elementor-widget-text-editor:not(.elementor-drop-cap-view-default) .elementor-drop-cap-letter{width:1em;height:1em}.elementor-widget-text-editor .elementor-drop-cap{float:left;text-align:center;line-height:1;font-size:50px}.elementor-widget-text-editor .elementor-drop-cap-letter{display:inline-block}<\/style>\t\t\t\t<p><!-- wp:heading --><\/p>\n<div>\n<h1><b>Postanowienia og\u00f3lne<\/b><\/h1>\n<ol>\n<li style=\"font-weight: 400;\" aria-level=\"1\"><span style=\"font-weight: 400;\">Organizatorem konkursu \u201eWspinaj si\u0119 z MONO \u2013 konkurs video\u201d (dalej: \u201eKonkurs\u201d) jest MONO \u015acianka Wspinaczkowa z siedzib\u0105 w Gda\u0144sku (dalej: \u201eOrganizator\u201d).<\/span><span style=\"font-weight: 400;\"><br \/><\/span><\/li>\n<li style=\"font-weight: 400;\" aria-level=\"1\"><span style=\"font-weight: 400;\">Konkurs nie jest w \u017caden spos\u00f3b sponsorowany, popierany, administrowany ani powi\u0105zany z serwisami Instagram ani Facebook.<\/span><span style=\"font-weight: 400;\"><br \/><\/span><\/li>\n<li style=\"font-weight: 400;\" aria-level=\"1\"><span style=\"font-weight: 400;\">Konkurs prowadzony jest na terytorium Rzeczypospolitej Polskiej.<\/span><span style=\"font-weight: 400;\"><br \/><\/span><\/li>\n<li style=\"font-weight: 400;\" aria-level=\"1\"><span style=\"font-weight: 400;\">Konkurs trwa od dnia publikacji posta konkursowego do dnia wskazanego w po\u015bcie konkursowym<\/span><span style=\"font-weight: 400;\"><br \/><\/span><\/li>\n<\/ol>\n<h1><b>Warunki uczestnictwa<\/b><\/h1>\n<ol>\n<li style=\"font-weight: 400;\" aria-level=\"1\"><span style=\"font-weight: 400;\">Uczestnikiem Konkursu (dalej: \u201eUczestnik\u201d) mo\u017ce by\u0107 osoba fizyczna, kt\u00f3ra:<\/span><span style=\"font-weight: 400;\"><br \/><\/span><span style=\"font-weight: 400;\">a) uko\u0144czy\u0142a 18 lat,<\/span><span style=\"font-weight: 400;\"><br \/><\/span><span style=\"font-weight: 400;\">b) posiada publiczne konto w serwisie Instagram lub Facebook,<\/span><span style=\"font-weight: 400;\"><br \/><\/span><span style=\"font-weight: 400;\">c) zapozna\u0142a si\u0119 z niniejszym Regulaminem i akceptuje jego tre\u015b\u0107.<\/span><span style=\"font-weight: 400;\"><br \/><\/span><\/li>\n<li style=\"font-weight: 400;\" aria-level=\"1\"><span style=\"font-weight: 400;\">W Konkursie nie mog\u0105 bra\u0107 udzia\u0142u pracownicy Organizatora ani osoby bezpo\u015brednio zwi\u0105zane z jego organizacj\u0105.<\/span><span style=\"font-weight: 400;\"><br \/><\/span><\/li>\n<\/ol>\n<h1><b>Zasady Konkursu<\/b><\/h1>\n<ol>\n<li style=\"font-weight: 400;\" aria-level=\"1\"><span style=\"font-weight: 400;\">Aby wzi\u0105\u0107 udzia\u0142 w Konkursie, Uczestnik musi w czasie trwania Konkursu:<\/span><span style=\"font-weight: 400;\"><br \/><\/span><span style=\"font-weight: 400;\">a) nagra\u0107 kr\u00f3tki filmik z pobytu na \u015bciance wspinaczkowej MONO w Gda\u0144sku,<\/span><span style=\"font-weight: 400;\"><br \/><\/span><span style=\"font-weight: 400;\">b) opublikowa\u0107 filmik na swoim koncie Instagram lub Facebook (post)<\/span><span style=\"font-weight: 400;\"><br \/><\/span><span style=\"font-weight: 400;\">c) oznaczy\u0107 profil MONO,<\/span><span style=\"font-weight: 400;\"><br \/><\/span><span style=\"font-weight: 400;\">d) zaobserwowa\u0107 profil MONO na Instagramie lub Facebooku.<\/span><span style=\"font-weight: 400;\"><br \/><\/span><\/li>\n<li style=\"font-weight: 400;\" aria-level=\"1\"><span style=\"font-weight: 400;\">Publikacja musi by\u0107 publiczna i dost\u0119pna do momentu og\u0142oszenia wynik\u00f3w Konkursu.<\/span><span style=\"font-weight: 400;\"><br \/><\/span><\/li>\n<li style=\"font-weight: 400;\" aria-level=\"1\"><span style=\"font-weight: 400;\">Jeden Uczestnik mo\u017ce zg\u0142osi\u0107 dowoln\u0105 liczb\u0119 filmik\u00f3w, jednak mo\u017ce wygra\u0107 tylko jedn\u0105 nagrod\u0119.<\/span><span style=\"font-weight: 400;\"><br \/><\/span><\/li>\n<\/ol>\n<h1><b>Nagrody i wy\u0142onienie zwyci\u0119zc\u00f3w<\/b><\/h1>\n<ol>\n<li style=\"font-weight: 400;\" aria-level=\"1\"><span style=\"font-weight: 400;\">W Konkursie zostan\u0105 nagrodzone 3 osoby.<\/span><span style=\"font-weight: 400;\"><br \/><\/span><\/li>\n<li style=\"font-weight: 400;\" aria-level=\"1\"><span style=\"font-weight: 400;\">Ka\u017cdy zwyci\u0119zca otrzyma nast\u0119puj\u0105c\u0105 nagrod\u0119:<\/span><span style=\"font-weight: 400;\"><br \/><\/span><span style=\"font-weight: 400;\"> a) karnet 4 wej\u015bcia na \u015bciank\u0119 wspinaczkow\u0105 MONO<\/span><span style=\"font-weight: 400;\"><br \/><\/span><\/li>\n<li style=\"font-weight: 400;\" aria-level=\"1\"><span style=\"font-weight: 400;\">Zwyci\u0119zcy zostan\u0105 wy\u0142onieni przez Organizatora na podstawie kreatywno\u015bci, estetyki i pomys\u0142u filmiku.<\/span><span style=\"font-weight: 400;\"><br \/><\/span><\/li>\n<li style=\"font-weight: 400;\" aria-level=\"1\"><span style=\"font-weight: 400;\">Wyniki Konkursu zostan\u0105 og\u0142oszone na profilu MONO w po\u015bcie lub relacji.<\/span><span style=\"font-weight: 400;\"><br \/><\/span><\/li>\n<li style=\"font-weight: 400;\" aria-level=\"1\"><span style=\"font-weight: 400;\">Zwyci\u0119zcy zobowi\u0105zani s\u0105 do kontaktu z Organizatorem w wiadomo\u015bci prywatnej w ci\u0105gu 7 dni od og\u0142oszenia wynik\u00f3w. Brak kontaktu mo\u017ce skutkowa\u0107 utrat\u0105 prawa do nagrody.<\/span><span style=\"font-weight: 400;\"><br \/><\/span><\/li>\n<\/ol>\n<h1><b>Prawa autorskie<\/b><\/h1>\n<ol>\n<li style=\"font-weight: 400;\" aria-level=\"1\"><span style=\"font-weight: 400;\">Uczestnik, bior\u0105c udzia\u0142 w Konkursie, o\u015bwiadcza, \u017ce jest autorem zg\u0142oszonego filmiku oraz \u017ce nie narusza on praw os\u00f3b trzecich.<\/span><span style=\"font-weight: 400;\"><br \/><\/span><\/li>\n<li style=\"font-weight: 400;\" aria-level=\"1\"><span style=\"font-weight: 400;\">Uczestnik wyra\u017ca zgod\u0119 na nieodp\u0142atne wykorzystanie zg\u0142oszonego materia\u0142u przez Organizatora w celach promocyjnych (media spo\u0142eczno\u015bciowe, strona internetowa).<\/span><span style=\"font-weight: 400;\"><br \/><\/span><\/li>\n<\/ol>\n<h1><b>Personal data<\/b><\/h1>\n<ol>\n<li style=\"font-weight: 400;\" aria-level=\"1\"><span style=\"font-weight: 400;\">Administratorem danych osobowych Uczestnik\u00f3w jest Organizator.<\/span><span style=\"font-weight: 400;\"><br \/><\/span><\/li>\n<li style=\"font-weight: 400;\" aria-level=\"1\"><span style=\"font-weight: 400;\">Dane osobowe b\u0119d\u0105 przetwarzane wy\u0142\u0105cznie w celu przeprowadzenia Konkursu, wy\u0142onienia zwyci\u0119zc\u00f3w oraz przekazania nagr\u00f3d.<\/span><span style=\"font-weight: 400;\"><br \/><\/span><\/li>\n<li style=\"font-weight: 400;\" aria-level=\"1\"><span style=\"font-weight: 400;\">Uczestnik ma prawo dost\u0119pu do swoich danych, ich poprawiania oraz \u017c\u0105dania usuni\u0119cia.<\/span><span style=\"font-weight: 400;\"><br \/><\/span><\/li>\n<\/ol>\n<h1><b>Final Provisions<\/b><\/h1>\n<ol>\n<li style=\"font-weight: 400;\" aria-level=\"1\"><span style=\"font-weight: 400;\">Organizator zastrzega sobie prawo do zmiany Regulaminu w trakcie trwania Konkursu, o ile nie wp\u0142ynie to na pogorszenie warunk\u00f3w uczestnictwa.<\/span><span style=\"font-weight: 400;\"><br \/><\/span><\/li>\n<li style=\"font-weight: 400;\" aria-level=\"1\"><span style=\"font-weight: 400;\">W sprawach nieuregulowanych niniejszym Regulaminem zastosowanie maj\u0105 przepisy prawa polskiego.<\/span><span style=\"font-weight: 400;\"><br \/><\/span><\/li>\n<li style=\"font-weight: 400;\" aria-level=\"1\"><span style=\"font-weight: 400;\">Regulamin jest dost\u0119pny u Organizatora oraz na profilu MONO.<\/span><\/li>\n<\/ol>\n<\/div>\t\t\t\t\t\t<\/div>\n\t\t\t\t<\/div>\n\t\t\t\t\t<\/div>\n\t\t<\/div>\n\t\t\t\t\t\t\t<\/div>\n\t\t<\/section>\n\t\t\t\t\t\t\t<\/div>","protected":false},"excerpt":{"rendered":"<p>REGULAMIN KONKURSU VIDEO Postanowienia og\u00f3lne Organizatorem konkursu \u201eWspinaj si\u0119 z MONO \u2013 konkurs video\u201d (dalej: \u201eKonkurs\u201d) jest MONO \u015acianka Wspinaczkowa z siedzib\u0105 w Gda\u0144sku (dalej: \u201eOrganizator\u201d). Konkurs nie jest w \u017caden spos\u00f3b sponsorowany, popierany, administrowany ani powi\u0105zany z serwisami Instagram ani Facebook. Konkurs prowadzony jest na terytorium Rzeczypospolitej Polskiej. Konkurs trwa od dnia publikacji posta [&hellip;]<\/p>","protected":false},"author":1,"featured_media":0,"parent":0,"menu_order":0,"comment_status":"closed","ping_status":"closed","template":"elementor_header_footer","meta":{"om_disable_all_campaigns":false,"ngg_post_thumbnail":0,"ocean_post_layout":"","ocean_both_sidebars_style":"","ocean_both_sidebars_content_width":0,"ocean_both_sidebars_sidebars_width":0,"ocean_sidebar":"","ocean_second_sidebar":"","ocean_disable_margins":"enable","ocean_add_body_class":"","ocean_shortcode_before_top_bar":"","ocean_shortcode_after_top_bar":"","ocean_shortcode_before_header":"","ocean_shortcode_after_header":"","ocean_has_shortcode":"","ocean_shortcode_after_title":"","ocean_shortcode_before_footer_widgets":"","ocean_shortcode_after_footer_widgets":"","ocean_shortcode_before_footer_bottom":"","ocean_shortcode_after_footer_bottom":"","ocean_display_top_bar":"default","ocean_display_header":"default","ocean_header_style":"","ocean_center_header_left_menu":"","ocean_custom_header_template":"","ocean_custom_logo":0,"ocean_custom_retina_logo":0,"ocean_custom_logo_max_width":0,"ocean_custom_logo_tablet_max_width":0,"ocean_custom_logo_mobile_max_width":0,"ocean_custom_logo_max_height":0,"ocean_custom_logo_tablet_max_height":0,"ocean_custom_logo_mobile_max_height":0,"ocean_header_custom_menu":"","ocean_menu_typo_font_family":"","ocean_menu_typo_font_subset":"","ocean_menu_typo_font_size":0,"ocean_menu_typo_font_size_tablet":0,"ocean_menu_typo_font_size_mobile":0,"ocean_menu_typo_font_size_unit":"px","ocean_menu_typo_font_weight":"","ocean_menu_typo_font_weight_tablet":"","ocean_menu_typo_font_weight_mobile":"","ocean_menu_typo_transform":"","ocean_menu_typo_transform_tablet":"","ocean_menu_typo_transform_mobile":"","ocean_menu_typo_line_height":0,"ocean_menu_typo_line_height_tablet":0,"ocean_menu_typo_line_height_mobile":0,"ocean_menu_typo_line_height_unit":"","ocean_menu_typo_spacing":0,"ocean_menu_typo_spacing_tablet":0,"ocean_menu_typo_spacing_mobile":0,"ocean_menu_typo_spacing_unit":"","ocean_menu_link_color":"","ocean_menu_link_color_hover":"","ocean_menu_link_color_active":"","ocean_menu_link_background":"","ocean_menu_link_hover_background":"","ocean_menu_link_active_background":"","ocean_menu_social_links_bg":"","ocean_menu_social_hover_links_bg":"","ocean_menu_social_links_color":"","ocean_menu_social_hover_links_color":"","ocean_disable_title":"default","ocean_disable_heading":"default","ocean_post_title":"","ocean_post_subheading":"","ocean_post_title_style":"","ocean_post_title_background_color":"","ocean_post_title_background":0,"ocean_post_title_bg_image_position":"","ocean_post_title_bg_image_attachment":"","ocean_post_title_bg_image_repeat":"","ocean_post_title_bg_image_size":"","ocean_post_title_height":0,"ocean_post_title_bg_overlay":0.5,"ocean_post_title_bg_overlay_color":"","ocean_disable_breadcrumbs":"default","ocean_breadcrumbs_color":"","ocean_breadcrumbs_separator_color":"","ocean_breadcrumbs_links_color":"","ocean_breadcrumbs_links_hover_color":"","ocean_display_footer_widgets":"default","ocean_display_footer_bottom":"default","ocean_custom_footer_template":"","footnotes":""},"aioseo_notices":[],"_links":{"self":[{"href":"https:\/\/monoclimb.pl\/en\/wp-json\/wp\/v2\/pages\/9320"}],"collection":[{"href":"https:\/\/monoclimb.pl\/en\/wp-json\/wp\/v2\/pages"}],"about":[{"href":"https:\/\/monoclimb.pl\/en\/wp-json\/wp\/v2\/types\/page"}],"author":[{"embeddable":true,"href":"https:\/\/monoclimb.pl\/en\/wp-json\/wp\/v2\/users\/1"}],"replies":[{"embeddable":true,"href":"https:\/\/monoclimb.pl\/en\/wp-json\/wp\/v2\/comments?post=9320"}],"version-history":[{"count":0,"href":"https:\/\/monoclimb.pl\/en\/wp-json\/wp\/v2\/pages\/9320\/revisions"}],"wp:attachment":[{"href":"https:\/\/monoclimb.pl\/en\/wp-json\/wp\/v2\/media?parent=9320"}],"curies":[{"name":"wp","href":"https:\/\/api.w.org\/{rel}","templated":true}]}}